{"id":752,"date":"2022-02-11T19:40:04","date_gmt":"2022-02-11T18:40:04","guid":{"rendered":"http:\/\/fermedesouches.com\/?page_id=752"},"modified":"2022-12-15T09:53:48","modified_gmt":"2022-12-15T08:53:48","slug":"mentions-legales","status":"publish","type":"page","link":"https:\/\/fermedesouches.com\/index.php\/mentions-legales\/","title":{"rendered":"Mentions l\u00e9gales"},"content":{"rendered":"<div class=\"style-666 style-local-752-c1 position-relative\" data-colibri-id=\"752-c1\">\n<div id=\"content\" class=\"h-section h-section-global-spacing d-flex align-items-lg-center align-items-md-center align-items-center style-667 style-local-752-c2 position-relative\" data-colibri-component=\"section\" data-colibri-id=\"752-c2\">\n<div class=\"h-section-grid-container h-section-fluid-container\">\n<div class=\"h-row-container gutters-row-lg-0 gutters-row-md-0 gutters-row-2 gutters-row-v-lg-0 gutters-row-v-md-0 gutters-row-v-2 style-668 style-local-752-c3 position-relative\" data-colibri-id=\"752-c3\">\n<div class=\"h-row justify-content-lg-start justify-content-md-start justify-content-start align-items-lg-stretch align-items-md-stretch align-items-stretch gutters-col-lg-0 gutters-col-md-0 gutters-col-2 gutters-col-v-lg-0 gutters-col-v-md-0 gutters-col-v-2\">\n<div class=\"h-column h-column-container d-flex h-col-lg-auto h-col-md-auto h-col-auto style-669-outer style-local-752-c4-outer\">\n<div class=\"d-flex h-flex-basis h-column__inner h-px-lg-0 h-px-md-0 h-px-0 v-inner-lg-0 v-inner-md-0 v-inner-0 style-669 style-local-752-c4 position-relative\" data-colibri-id=\"752-c4\">\n<div class=\"w-100 h-y-container h-column__content h-column__v-align flex-basis-100 align-self-lg-start align-self-md-start align-self-start\">\n<div class=\"h-global-transition-all h-heading style-677 style-local-752-c5 position-relative h-element\" data-colibri-id=\"752-c5\">\n<div class=\"h-heading__outer style-677 style-local-752-c5\">\n<h3 class=\"\">1 &#8211; \u00c9dition du site<\/h3>\n<\/div>\n<\/div>\n<div class=\"h-text h-text-component style-672 style-local-752-c6 position-relative h-element\" data-colibri-id=\"752-c6\">\n<div class=\"\">\n\nEn vertu de\n<a class=\"customize-unpreviewable\" style=\"color: #dca10d; font-size: 16px;\" draggable=\"false\" href=\"https:\/\/www.legifrance.gouv.fr\/affichTexte.do?cidTexte=JORFTEXT000000801164#LEGIARTI000042038977\">l&#8217;article 6 de la loi n\u00b0 2004-575 du 21 juin 2004<\/a> pour la confiance dans l&#8217;\u00e9conomie num\u00e9rique, il est pr\u00e9cis\u00e9 aux utilisateurs du site internet <strong>http:\/\/fermedesouches.com<\/strong> l&#8217;identit\u00e9 des diff\u00e9rents intervenants\ndans le cadre de sa r\u00e9alisation et de son suivi :\n\n<strong>Propri\u00e9taire du site : <\/strong>Naudin Laurent Earl Naudin &#8211; Contact : contact@fermedesouches.com 06 08 73 48 32 &#8211; Adresse : 3 Route de chez Boisson, La Barreti\u00e8re 86400 Saint-Saviol.\n\n<strong>Identification de l&#8217;entreprise :<\/strong> EARL Naudin Laurent Earl Naudin au capital social de \u20ac &#8211; SIREN : 347 671 018 000 13 &#8211; RCS ou RM : &#8211; Adresse postale : 3 Route de chez Boisson, La Barreti\u00e8re 86400 Saint-Saviol\n\n<strong>Directeur de la publication : <\/strong>Naudin Estelle &#8211; Contact : contact@octopuscommunication.fr &#8211;\n\n<strong>H\u00e9bergeur :<\/strong> OVH SAS &#8211; 2 rue Kellermann &#8211; BP 80157 &#8211; 59053 Roubaix Cedex 1 &#8211; T\u00e9l\u00e9phone : 1007\n\n<strong>D\u00e9l\u00e9gu\u00e9 \u00e0 la protection des donn\u00e9es : Estelle Naudin &#8211; contact@octopuscommunication.fr<\/strong>\n<h3>2 &#8211; Propri\u00e9t\u00e9 intellectuelle et contrefa\u00e7ons<\/h3>\n<strong>Naudin Laurent Earl Naudin<\/strong> est propri\u00e9taire des droits de propri\u00e9t\u00e9 intellectuelle et d\u00e9tient les droits d\u2019usage sur tous les \u00e9l\u00e9ments accessibles sur le site internet, notamment les textes, images, graphismes, logos,\nvid\u00e9os, architecture, ic\u00f4nes et sons.\n\nToute reproduction, repr\u00e9sentation, modification, publication, adaptation de tout ou partie des \u00e9l\u00e9ments du site, quel que soit le moyen ou le proc\u00e9d\u00e9 utilis\u00e9, est interdite, sauf autorisation \u00e9crite pr\u00e9alable de <strong>Naudin Laurent Earl Naudin<\/strong>.\n\nToute exploitation non autoris\u00e9e du site ou de l\u2019un quelconque des \u00e9l\u00e9ments qu\u2019il contient sera consid\u00e9r\u00e9e comme constitutive d\u2019une contrefa\u00e7on et poursuivie conform\u00e9ment aux dispositions des articles\n<a class=\"customize-unpreviewable\" style=\"color: #dca10d;\" draggable=\"false\" href=\"https:\/\/www.legifrance.gouv.fr\/affichCodeArticle.do?idArticle=LEGIARTI000032655082&amp;cidTexte=LEGITEXT000006069414&amp;dateTexte=20160605\">L.335-2 et suivants du Code de Propri\u00e9t\u00e9 Intellectuelle<\/a>.\n<h3>3 &#8211; Limitations de responsabilit\u00e9<\/h3>\n<strong>Naudin Laurent Earl Naudin<\/strong> ne pourra \u00eatre tenu pour responsable des dommages directs et indirects caus\u00e9s au mat\u00e9riel de l\u2019utilisateur, lors de l\u2019acc\u00e8s au site <strong>http:\/\/fermedesouches.com<\/strong>.\n\n<strong>Naudin Laurent Earl Naudin<\/strong> d\u00e9cline toute responsabilit\u00e9 quant \u00e0 l\u2019utilisation qui pourrait \u00eatre faite des informations et contenus pr\u00e9sents sur <strong>http:\/\/fermedesouches.com<\/strong>.\n\n<strong>Naudin Laurent Earl Naudin<\/strong> s\u2019engage \u00e0 s\u00e9curiser au mieux le site <strong>http:\/\/fermedesouches.com<\/strong>, cependant sa responsabilit\u00e9 ne pourra \u00eatre mise en cause si des donn\u00e9es ind\u00e9sirables sont import\u00e9es et install\u00e9es\nsur son site \u00e0 son insu.\n\nDes espaces interactifs (espace contact ou commentaires) sont \u00e0 la disposition des utilisateurs. <strong>Naudin Laurent Earl Naudin<\/strong> se r\u00e9serve le droit de supprimer, sans mise en demeure pr\u00e9alable, tout contenu d\u00e9pos\u00e9 dans\ncet espace qui contreviendrait \u00e0 la l\u00e9gislation applicable en France, en particulier aux dispositions relatives \u00e0 la protection des donn\u00e9es.\n\nLe cas \u00e9ch\u00e9ant, <strong>Naudin Laurent Earl Naudin<\/strong> se r\u00e9serve \u00e9galement la possibilit\u00e9 de mettre en cause la responsabilit\u00e9 civile et\/ou p\u00e9nale de l\u2019utilisateur, notamment en cas de message \u00e0 caract\u00e8re raciste, injurieux,\ndiffamant, ou pornographique, quel que soit le support utilis\u00e9 (texte, photographie \u2026).\n<h3>4- CNIL et gestion des donn\u00e9es personnelles<\/h3>\nConform\u00e9ment aux dispositions de\n<a class=\"customize-unpreviewable\" style=\"color: #dca10d;\" draggable=\"false\" href=\"https:\/\/www.legifrance.gouv.fr\/affichTexte.do?cidTexte=JORFTEXT000000886460\">la loi 78-17 du 6 janvier 1978 modifi\u00e9e<\/a>, l\u2019utilisateur du site <strong>http:\/\/fermedesouches.com<\/strong> dispose d\u2019un droit d\u2019acc\u00e8s, de modification et de suppression des informations collect\u00e9es. Pour exercer ce droit, envoyez\nun message \u00e0 <span style=\"font-size: 16px; font-family: 'Open Sans'; color: #696c77;\">contact@fermedesouches.com<\/span>.\n\nPour plus d&#8217;informations sur la fa\u00e7on dont nous traitons vos donn\u00e9es (type de donn\u00e9es, finalit\u00e9, destinataire&#8230;), contactez contact@octopuscommunication.fr\n<h3>5 &#8211; Liens hypertextes et cookies<\/h3>\nLe site <strong>http:\/\/fermedesouches.com<\/strong> contient des liens hypertextes vers d\u2019autres sites et d\u00e9gage toute responsabilit\u00e9 \u00e0 propos de ces liens externes ou des liens cr\u00e9\u00e9s par d\u2019autres sites vers <strong>http:\/\/fermedesouches.com<\/strong>.\n\nLa navigation sur le site <strong>http:\/\/fermedesouches.com<\/strong> est susceptible de provoquer l\u2019installation de cookie(s) sur l\u2019ordinateur de l\u2019utilisateur.\n\nUn &#8220;cookie&#8221; est un fichier de petite taille qui enregistre des informations relatives \u00e0 la navigation d\u2019un utilisateur sur un site. Les donn\u00e9es ainsi obtenues permettent d&#8217;obtenir des mesures de fr\u00e9quentation, par exemple.\n\nVous avez la possibilit\u00e9 <strong>d\u2019accepter ou de refuser les cookies<\/strong> en modifiant les param\u00e8tres de votre navigateur. Aucun cookie ne sera d\u00e9pos\u00e9 sans votre consentement.\n<h3>6 &#8211; Droit applicable et attribution de juridiction<\/h3>\nTout litige en relation avec l\u2019utilisation du site <strong>http:\/\/fermedesouches.com<\/strong> est soumis au droit fran\u00e7ais. En dehors des cas o\u00f9 la loi ne le permet pas, il est fait attribution exclusive de juridiction aux tribunaux\ncomp\u00e9tents de Paris.\n\n<\/div>\nLa Ferme des Ouches a une empreinte environnementale bas\u00e9e sur les recherches de l\u2019\u00e9cole de commerce responsable <a href=\"http:\/\/agenceschtroumf.com\" target=\"_blank\" rel=\"noopener\">Excinflus<\/a>.\n\n<\/div>\n<\/div>\n<\/div>\n<\/div>\n<\/div>\n<\/div>\n<\/div>\n<\/div>\n<\/div>","protected":false},"excerpt":{"rendered":"<p>1 &#8211; \u00c9dition du site En vertu de l&#8217;article 6 de la loi n\u00b0 2004-575 du 21 juin 2004 pour la confiance dans l&#8217;\u00e9conomie num\u00e9rique, il est pr\u00e9cis\u00e9 aux utilisateurs du site internet http:\/\/fermedesouches.com l&#8217;identit\u00e9 des diff\u00e9rents intervenants dans le cadre de sa r\u00e9alisation et de son suivi : Propri\u00e9taire du site : Naudin Laurent [&hellip;]<\/p>\n","protected":false},"author":1,"featured_media":0,"parent":0,"menu_order":0,"comment_status":"closed","ping_status":"closed","template":"page-templates\/full-width-page.php","meta":[],"yoast_head":"<!-- This site is optimized with the Yoast SEO plugin v19.1 - https:\/\/yoast.com\/wordpress\/plugins\/seo\/ -->\n<title>Mentions l\u00e9gales - LA FERME DES OUCHES<\/title>\n<meta name=\"robots\" content=\"index, follow, max-snippet:-1, max-image-preview:large, max-video-preview:-1\" \/>\n<link rel=\"canonical\" href=\"http:\/\/fermedesouches.com\/index.php\/mentions-legales\/\" \/>\n<meta property=\"og:locale\" content=\"en_US\" \/>\n<meta property=\"og:type\" content=\"article\" \/>\n<meta property=\"og:title\" content=\"Mentions l\u00e9gales - LA FERME DES OUCHES\" \/>\n<meta property=\"og:description\" content=\"1 &#8211; \u00c9dition du site En vertu de l&#8217;article 6 de la loi n\u00b0 2004-575 du 21 juin 2004 pour la confiance dans l&#8217;\u00e9conomie num\u00e9rique, il est pr\u00e9cis\u00e9 aux utilisateurs du site internet http:\/\/fermedesouches.com l&#8217;identit\u00e9 des diff\u00e9rents intervenants dans le cadre de sa r\u00e9alisation et de son suivi : Propri\u00e9taire du site : Naudin Laurent [&hellip;]\" \/>\n<meta property=\"og:url\" content=\"http:\/\/fermedesouches.com\/index.php\/mentions-legales\/\" \/>\n<meta property=\"og:site_name\" content=\"LA FERME DES OUCHES\" \/>\n<meta property=\"article:modified_time\" content=\"2022-12-15T08:53:48+00:00\" \/>\n<meta name=\"twitter:card\" content=\"summary_large_image\" \/>\n<meta name=\"twitter:label1\" content=\"Est. reading time\" \/>\n\t<meta name=\"twitter:data1\" content=\"3 minutes\" \/>\n<script type=\"application\/ld+json\" class=\"yoast-schema-graph\">{\"@context\":\"https:\/\/schema.org\",\"@graph\":[{\"@type\":\"WebSite\",\"@id\":\"http:\/\/fermedesouches.com\/#website\",\"url\":\"http:\/\/fermedesouches.com\/\",\"name\":\"LA FERME DES OUCHES\",\"description\":\"Producteurs bio et local\",\"potentialAction\":[{\"@type\":\"SearchAction\",\"target\":{\"@type\":\"EntryPoint\",\"urlTemplate\":\"http:\/\/fermedesouches.com\/?s={search_term_string}\"},\"query-input\":\"required name=search_term_string\"}],\"inLanguage\":\"en-US\"},{\"@type\":\"WebPage\",\"@id\":\"http:\/\/fermedesouches.com\/index.php\/mentions-legales\/#webpage\",\"url\":\"http:\/\/fermedesouches.com\/index.php\/mentions-legales\/\",\"name\":\"Mentions l\u00e9gales - LA FERME DES OUCHES\",\"isPartOf\":{\"@id\":\"http:\/\/fermedesouches.com\/#website\"},\"datePublished\":\"2022-02-11T18:40:04+00:00\",\"dateModified\":\"2022-12-15T08:53:48+00:00\",\"breadcrumb\":{\"@id\":\"http:\/\/fermedesouches.com\/index.php\/mentions-legales\/#breadcrumb\"},\"inLanguage\":\"en-US\",\"potentialAction\":[{\"@type\":\"ReadAction\",\"target\":[\"http:\/\/fermedesouches.com\/index.php\/mentions-legales\/\"]}]},{\"@type\":\"BreadcrumbList\",\"@id\":\"http:\/\/fermedesouches.com\/index.php\/mentions-legales\/#breadcrumb\",\"itemListElement\":[{\"@type\":\"ListItem\",\"position\":1,\"name\":\"Accueil\",\"item\":\"http:\/\/fermedesouches.com\/\"},{\"@type\":\"ListItem\",\"position\":2,\"name\":\"Mentions l\u00e9gales\"}]}]}<\/script>\n<!-- \/ Yoast SEO plugin. -->","yoast_head_json":{"title":"Mentions l\u00e9gales - LA FERME DES OUCHES","robots":{"index":"index","follow":"follow","max-snippet":"max-snippet:-1","max-image-preview":"max-image-preview:large","max-video-preview":"max-video-preview:-1"},"canonical":"http:\/\/fermedesouches.com\/index.php\/mentions-legales\/","og_locale":"en_US","og_type":"article","og_title":"Mentions l\u00e9gales - LA FERME DES OUCHES","og_description":"1 &#8211; \u00c9dition du site En vertu de l&#8217;article 6 de la loi n\u00b0 2004-575 du 21 juin 2004 pour la confiance dans l&#8217;\u00e9conomie num\u00e9rique, il est pr\u00e9cis\u00e9 aux utilisateurs du site internet http:\/\/fermedesouches.com l&#8217;identit\u00e9 des diff\u00e9rents intervenants dans le cadre de sa r\u00e9alisation et de son suivi : Propri\u00e9taire du site : Naudin Laurent [&hellip;]","og_url":"http:\/\/fermedesouches.com\/index.php\/mentions-legales\/","og_site_name":"LA FERME DES OUCHES","article_modified_time":"2022-12-15T08:53:48+00:00","twitter_card":"summary_large_image","twitter_misc":{"Est. reading time":"3 minutes"},"schema":{"@context":"https:\/\/schema.org","@graph":[{"@type":"WebSite","@id":"http:\/\/fermedesouches.com\/#website","url":"http:\/\/fermedesouches.com\/","name":"LA FERME DES OUCHES","description":"Producteurs bio et local","potentialAction":[{"@type":"SearchAction","target":{"@type":"EntryPoint","urlTemplate":"http:\/\/fermedesouches.com\/?s={search_term_string}"},"query-input":"required name=search_term_string"}],"inLanguage":"en-US"},{"@type":"WebPage","@id":"http:\/\/fermedesouches.com\/index.php\/mentions-legales\/#webpage","url":"http:\/\/fermedesouches.com\/index.php\/mentions-legales\/","name":"Mentions l\u00e9gales - LA FERME DES OUCHES","isPartOf":{"@id":"http:\/\/fermedesouches.com\/#website"},"datePublished":"2022-02-11T18:40:04+00:00","dateModified":"2022-12-15T08:53:48+00:00","breadcrumb":{"@id":"http:\/\/fermedesouches.com\/index.php\/mentions-legales\/#breadcrumb"},"inLanguage":"en-US","potentialAction":[{"@type":"ReadAction","target":["http:\/\/fermedesouches.com\/index.php\/mentions-legales\/"]}]},{"@type":"BreadcrumbList","@id":"http:\/\/fermedesouches.com\/index.php\/mentions-legales\/#breadcrumb","itemListElement":[{"@type":"ListItem","position":1,"name":"Accueil","item":"http:\/\/fermedesouches.com\/"},{"@type":"ListItem","position":2,"name":"Mentions l\u00e9gales"}]}]}},"_links":{"self":[{"href":"https:\/\/fermedesouches.com\/index.php\/wp-json\/wp\/v2\/pages\/752"}],"collection":[{"href":"https:\/\/fermedesouches.com\/index.php\/wp-json\/wp\/v2\/pages"}],"about":[{"href":"https:\/\/fermedesouches.com\/index.php\/wp-json\/wp\/v2\/types\/page"}],"author":[{"embeddable":true,"href":"https:\/\/fermedesouches.com\/index.php\/wp-json\/wp\/v2\/users\/1"}],"replies":[{"embeddable":true,"href":"https:\/\/fermedesouches.com\/index.php\/wp-json\/wp\/v2\/comments?post=752"}],"version-history":[{"count":12,"href":"https:\/\/fermedesouches.com\/index.php\/wp-json\/wp\/v2\/pages\/752\/revisions"}],"predecessor-version":[{"id":991,"href":"https:\/\/fermedesouches.com\/index.php\/wp-json\/wp\/v2\/pages\/752\/revisions\/991"}],"wp:attachment":[{"href":"https:\/\/fermedesouches.com\/index.php\/wp-json\/wp\/v2\/media?parent=752"}],"curies":[{"name":"wp","href":"https:\/\/api.w.org\/{rel}","templated":true}]}}